{"id":12,"date":"2020-12-13T20:28:43","date_gmt":"2020-12-13T19:28:43","guid":{"rendered":"http:\/\/www.dpsg-rimpar.de\/?page_id=12"},"modified":"2023-04-16T11:54:10","modified_gmt":"2023-04-16T09:54:10","slug":"impressum","status":"publish","type":"page","link":"https:\/\/www.dpsg-rimpar.de\/index.php\/impressum\/","title":{"rendered":"Impressum"},"content":{"rendered":"\n<p>Diese Homepage wird von der DPSG Rimpar (Deutsche Pfadfinderschaft Sankt Georg) herausgegeben. Rechtstr\u00e4ger ist der Verein f\u00fcr Jugendpflege Sankt Georg e.V.<\/p>\n\n\n\n<p>Angaben gem\u00e4\u00df \u00a7 5 TMG:<\/p>\n\n\n\n<p><strong>Deutsche Pfadfinderschaft Sankt Georg Rimpar<\/strong><br>Stamm Tilman Riemenschneider Rimpar<\/p>\n\n\n\n<p>Vertretungsberechtigt ist der Stammesvorstand:<\/p>\n\n\n\n<p>Angelika Schlotter und Finn Gei\u00dfler<\/p>\n\n\n\n<p><strong>Kontakt:<\/strong><\/p>\n\n\n\n<p>Angelika Schlotter<\/p>\n\n\n\n<p>G\u00fcnterslebener Str. 23<\/p>\n\n\n\n<p>97222 Rimpar<\/p>\n\n\n\n<p>E-Mail:&nbsp;dpsgrimpar@googlemail.com<\/p>\n\n\n\n<p><strong>Rechtstr\u00e4ger:<\/strong><\/p>\n\n\n\n<p>Verein f\u00fcr Jugendpflege St. Georg e. V. Rimpar, Stamm Tilman Riemenschneider<\/p>\n\n\n\n<p><strong>Kontakt:<\/strong><\/p>\n\n\n\n<p>Cornelia Na\u00df<\/p>\n\n\n\n<p>Kurt-Schumacher-Str. 15<\/p>\n\n\n\n<p>97222 Rimpar<\/p>\n\n\n\n<p>cornelia.nass[at]googlemail.com<\/p>\n\n\n\n<p><strong>Registereintrag<\/strong><\/p>\n\n\n\n<p>Vereinsregister des Amtsgerichts W\u00fcrzburg<\/p>\n\n\n\n<p>Nummer des Vereins: VR 1334<\/p>\n\n\n\n<p>Steuernummer: 257\/111\/30570<\/p>\n\n\n\n<p><strong>Kontakt Redakion &amp; Technik:&nbsp;<\/strong>dpsgrimpar@googlemail.com<\/p>\n\n\n\n<h3 class=\"wp-block-heading\">Haftungsausschluss<\/h3>\n\n\n\n<p>Die Inhalte unserer Seiten wurden mit gr\u00f6\u00dfter Sorgfalt erstellt. F\u00fcr die Richtigkeit, Vollst\u00e4ndigkeit und Aktualit\u00e4t der Inhalte k\u00f6nnen wir jedoch keine Gew\u00e4hr \u00fcbernehmen. Als Diensteanbieter sind wir gem\u00e4\u00df \u00a7 7 Abs.1 TMG f\u00fcr eigene Inhalte auf diesen Seiten nach den allgemeinen Gesetzen verantwortlich. Nach \u00a7\u00a7 8 bis 10 TMG sind wir als Diensteanbieter jedoch nicht verpflichtet, \u00fcbermittelte oder gespeicherte fremde Informationen zu \u00fcberwachen oder nach Umst\u00e4nden zu forschen, die auf eine rechtswidrige T\u00e4tigkeit hinweisen. Verpflichtungen zur Entfernung oder Sperrung der Nutzung von Informationen nach den allgemeinen Gesetzen bleiben hiervon unber\u00fchrt. Eine diesbez\u00fcgliche Haftung ist jedoch erst ab dem Zeitpunkt der Kenntnis einer konkreten Rechtsverletzung m\u00f6glich. Bei Bekanntwerden von entsprechenden Rechtsverletzungen werden wir diese Inhalte umgehend entfernen.<\/p>\n\n\n\n<h3 class=\"wp-block-heading\">Haftung f\u00fcr Links<\/h3>\n\n\n\n<p>Unser Angebot enth\u00e4lt Links zu externen Webseiten Dritter, auf deren Inhalte wir keinen Einfluss haben. Deshalb k\u00f6nnen wir f\u00fcr diese fremden Inhalte auch keine Gew\u00e4hr \u00fcbernehmen. F\u00fcr die Inhalte der verlinkten Seiten ist stets der jeweilige Anbieter oder Betreiber der Seiten verantwortlich. Die verlinkten Seiten wurden zum Zeitpunkt der Verlinkung auf m\u00f6gliche Rechtsverst\u00f6\u00dfe \u00fcberpr\u00fcft. Rechtswidrige Inhalte waren zum Zeitpunkt der Verlinkung nicht erkennbar. Eine permanente inhaltliche Kontrolle der verlinkten Seiten ist jedoch ohne konkrete Anhaltspunkte einer Rechtsverletzung nicht zumutbar. Bei Bekanntwerden von Rechtsverletzungen werden wir derartige Links umgehend entfernen.<\/p>\n\n\n\n<h3 class=\"wp-block-heading\">Urheberrecht<\/h3>\n\n\n\n<p>Die durch die Seitenbetreiber erstellten Inhalte und Werke auf diesen Seiten unterliegen dem deutschen Urheberrecht. Die Vervielf\u00e4ltigung, Bearbeitung, Verbreitung und jede Art der Verwertung au\u00dferhalb der Grenzen des Urheberrechtes bed\u00fcrfen der schriftlichen Zustimmung des jeweiligen Autors bzw. Erstellers. Downloads und Kopien dieser Seite sind nur f\u00fcr den privaten, nicht kommerziellen Gebrauch gestattet. Soweit die Inhalte auf dieser Seite nicht vom Betreiber erstellt wurden, werden die Urheberrechte Dritter beachtet. Insbesondere werden Inhalte Dritter als solche gekennzeichnet. Sollten Sie trotzdem auf eine Urheberrechtsverletzung aufmerksam werden, bitten wir um einen entsprechenden Hinweis. Bei Bekanntwerden von Rechtsverletzungen werden wir derartige Inhalte umgehend entfernen.<\/p>\n","protected":false},"excerpt":{"rendered":"<p>Diese Homepage wird von der DPSG Rimpar (Deutsche Pfadfinderschaft Sankt Georg) herausgegeben. Rechtstr\u00e4ger ist der Verein f\u00fcr Jugendpflege Sankt Georg e.V. Angaben gem\u00e4\u00df \u00a7 5 TMG: Deutsche Pfadfinderschaft Sankt Georg RimparStamm Tilman Riemenschneider Rimpar Vertretungsberechtigt ist der Stammesvorstand: Angelika Schlotter und Finn Gei\u00dfler Kontakt: Angelika Schlotter G\u00fcnterslebener Str. 23 97222 Rimpar E-Mail:&nbsp;dpsgrimpar@googlemail.com Rechtstr\u00e4ger: Verein f\u00fcr&#8230;<\/p>\n","protected":false},"author":1,"featured_media":0,"parent":0,"menu_order":0,"comment_status":"closed","ping_status":"closed","template":"","meta":[],"_links":{"self":[{"href":"https:\/\/www.dpsg-rimpar.de\/index.php\/wp-json\/wp\/v2\/pages\/12"}],"collection":[{"href":"https:\/\/www.dpsg-rimpar.de\/index.php\/wp-json\/wp\/v2\/pages"}],"about":[{"href":"https:\/\/www.dpsg-rimpar.de\/index.php\/wp-json\/wp\/v2\/types\/page"}],"author":[{"embeddable":true,"href":"https:\/\/www.dpsg-rimpar.de\/index.php\/wp-json\/wp\/v2\/users\/1"}],"replies":[{"embeddable":true,"href":"https:\/\/www.dpsg-rimpar.de\/index.php\/wp-json\/wp\/v2\/comments?post=12"}],"version-history":[{"count":5,"href":"https:\/\/www.dpsg-rimpar.de\/index.php\/wp-json\/wp\/v2\/pages\/12\/revisions"}],"predecessor-version":[{"id":195,"href":"https:\/\/www.dpsg-rimpar.de\/index.php\/wp-json\/wp\/v2\/pages\/12\/revisions\/195"}],"wp:attachment":[{"href":"https:\/\/www.dpsg-rimpar.de\/index.php\/wp-json\/wp\/v2\/media?parent=12"}],"curies":[{"name":"wp","href":"https:\/\/api.w.org\/{rel}","templated":true}]}}