{"id":120,"date":"2020-12-14T19:50:45","date_gmt":"2020-12-14T18:50:45","guid":{"rendered":"http:\/\/www.dpsg-rimpar.de\/?page_id=120"},"modified":"2020-12-14T19:51:17","modified_gmt":"2020-12-14T18:51:17","slug":"pfadfinderstufe","status":"publish","type":"page","link":"https:\/\/www.dpsg-rimpar.de\/index.php\/unsere-stufen\/pfadfinderstufe\/","title":{"rendered":"Pfadfinderstufe"},"content":{"rendered":"\n<figure class=\"wp-block-image size-large\"><img decoding=\"async\" loading=\"lazy\" width=\"860\" height=\"300\" src=\"https:\/\/www.dpsg-rimpar.de\/wp-content\/uploads\/2020\/12\/csm_DSC_9938_d2af444322.jpg\" alt=\"\" class=\"wp-image-117\" srcset=\"https:\/\/www.dpsg-rimpar.de\/wp-content\/uploads\/2020\/12\/csm_DSC_9938_d2af444322.jpg 860w, https:\/\/www.dpsg-rimpar.de\/wp-content\/uploads\/2020\/12\/csm_DSC_9938_d2af444322-300x105.jpg 300w, https:\/\/www.dpsg-rimpar.de\/wp-content\/uploads\/2020\/12\/csm_DSC_9938_d2af444322-768x268.jpg 768w, https:\/\/www.dpsg-rimpar.de\/wp-content\/uploads\/2020\/12\/csm_DSC_9938_d2af444322-750x262.jpg 750w\" sizes=\"(max-width: 860px) 100vw, 860px\" \/><figcaption>Foto: Sebastian Sehr<\/figcaption><\/figure>\n\n\n\n<p>Die Mitgliedschaft in der Pfadfinderstufe beginnt fr\u00fchestens mit 12 Jahren. Pfadfinder*innen wagen viel.<br>Die Pfadfinderstufe macht mit ihrem Leitspruch \u201a<strong>Wag es<\/strong>\u2019 Mut, das eigene Leben selbst in die Hand zu nehmen. Pfadfinder*innen machen sich gemeinsam auf den Weg, um sich pers\u00f6nlich weiterzuentwickeln. Diese Entwicklungen sind aber nicht vom Geschehen in der Welt losgel\u00f6st. Du bist aufgefordert, deine Zeit in der Pfadfinderstufe und dein Leben f\u00fcr dich zu nutzen und \u201edie Welt ein bisschen besser zu verlassen, als du sie vorgefunden hast\u201c.<\/p>\n","protected":false},"excerpt":{"rendered":"<p>Die Mitgliedschaft in der Pfadfinderstufe beginnt fr\u00fchestens mit 12 Jahren. Pfadfinder*innen wagen viel.Die Pfadfinderstufe macht mit ihrem Leitspruch \u201aWag es\u2019 Mut, das eigene Leben selbst in die Hand zu nehmen. Pfadfinder*innen machen sich gemeinsam auf den Weg, um sich pers\u00f6nlich weiterzuentwickeln. Diese Entwicklungen sind aber nicht vom Geschehen in der Welt losgel\u00f6st. Du bist aufgefordert,&#8230;<\/p>\n","protected":false},"author":1,"featured_media":0,"parent":94,"menu_order":0,"comment_status":"closed","ping_status":"closed","template":"","meta":[],"_links":{"self":[{"href":"https:\/\/www.dpsg-rimpar.de\/index.php\/wp-json\/wp\/v2\/pages\/120"}],"collection":[{"href":"https:\/\/www.dpsg-rimpar.de\/index.php\/wp-json\/wp\/v2\/pages"}],"about":[{"href":"https:\/\/www.dpsg-rimpar.de\/index.php\/wp-json\/wp\/v2\/types\/page"}],"author":[{"embeddable":true,"href":"https:\/\/www.dpsg-rimpar.de\/index.php\/wp-json\/wp\/v2\/users\/1"}],"replies":[{"embeddable":true,"href":"https:\/\/www.dpsg-rimpar.de\/index.php\/wp-json\/wp\/v2\/comments?post=120"}],"version-history":[{"count":1,"href":"https:\/\/www.dpsg-rimpar.de\/index.php\/wp-json\/wp\/v2\/pages\/120\/revisions"}],"predecessor-version":[{"id":122,"href":"https:\/\/www.dpsg-rimpar.de\/index.php\/wp-json\/wp\/v2\/pages\/120\/revisions\/122"}],"up":[{"embeddable":true,"href":"https:\/\/www.dpsg-rimpar.de\/index.php\/wp-json\/wp\/v2\/pages\/94"}],"wp:attachment":[{"href":"https:\/\/www.dpsg-rimpar.de\/index.php\/wp-json\/wp\/v2\/media?parent=120"}],"curies":[{"name":"wp","href":"https:\/\/api.w.org\/{rel}","templated":true}]}}