{"id":123,"date":"2020-12-14T19:56:29","date_gmt":"2020-12-14T18:56:29","guid":{"rendered":"http:\/\/www.dpsg-rimpar.de\/?page_id=123"},"modified":"2020-12-14T19:56:43","modified_gmt":"2020-12-14T18:56:43","slug":"roverstufe","status":"publish","type":"page","link":"https:\/\/www.dpsg-rimpar.de\/index.php\/unsere-stufen\/roverstufe\/","title":{"rendered":"Roverstufe"},"content":{"rendered":"\n<figure class=\"wp-block-image size-large is-style-default\"><img decoding=\"async\" loading=\"lazy\" width=\"860\" height=\"300\" src=\"https:\/\/www.dpsg-rimpar.de\/wp-content\/uploads\/2020\/12\/banner-rover-wasser.jpg\" alt=\"\" class=\"wp-image-124\" srcset=\"https:\/\/www.dpsg-rimpar.de\/wp-content\/uploads\/2020\/12\/banner-rover-wasser.jpg 860w, https:\/\/www.dpsg-rimpar.de\/wp-content\/uploads\/2020\/12\/banner-rover-wasser-300x105.jpg 300w, https:\/\/www.dpsg-rimpar.de\/wp-content\/uploads\/2020\/12\/banner-rover-wasser-768x268.jpg 768w, https:\/\/www.dpsg-rimpar.de\/wp-content\/uploads\/2020\/12\/banner-rover-wasser-750x262.jpg 750w\" sizes=\"(max-width: 860px) 100vw, 860px\" \/><figcaption>Foto: DPSG Bundesverband<\/figcaption><\/figure>\n\n\n\n<p>Die Mitgliedschaft in der Roverstufe beginnt fr\u00fchestens mit 15 Jahren. Die Zugeh\u00f6rigkeit zur Roverstufe endet sp\u00e4testens mit 20 Jahren. Rover*innen sind unterwegs \u2013 nicht nur unterwegs zu verschiedenen Orten, sondern auch unterwegs vom Jugendlichen zum Erwachsenen und unterwegs zu sich selbst.<br><\/p>\n","protected":false},"excerpt":{"rendered":"<p>Die Mitgliedschaft in der Roverstufe beginnt fr\u00fchestens mit 15 Jahren. Die Zugeh\u00f6rigkeit zur Roverstufe endet sp\u00e4testens mit 20 Jahren. Rover*innen sind unterwegs \u2013 nicht nur unterwegs zu verschiedenen Orten, sondern auch unterwegs vom Jugendlichen zum Erwachsenen und unterwegs zu sich selbst.<\/p>\n","protected":false},"author":1,"featured_media":0,"parent":94,"menu_order":0,"comment_status":"closed","ping_status":"closed","template":"","meta":[],"_links":{"self":[{"href":"https:\/\/www.dpsg-rimpar.de\/index.php\/wp-json\/wp\/v2\/pages\/123"}],"collection":[{"href":"https:\/\/www.dpsg-rimpar.de\/index.php\/wp-json\/wp\/v2\/pages"}],"about":[{"href":"https:\/\/www.dpsg-rimpar.de\/index.php\/wp-json\/wp\/v2\/types\/page"}],"author":[{"embeddable":true,"href":"https:\/\/www.dpsg-rimpar.de\/index.php\/wp-json\/wp\/v2\/users\/1"}],"replies":[{"embeddable":true,"href":"https:\/\/www.dpsg-rimpar.de\/index.php\/wp-json\/wp\/v2\/comments?post=123"}],"version-history":[{"count":1,"href":"https:\/\/www.dpsg-rimpar.de\/index.php\/wp-json\/wp\/v2\/pages\/123\/revisions"}],"predecessor-version":[{"id":126,"href":"https:\/\/www.dpsg-rimpar.de\/index.php\/wp-json\/wp\/v2\/pages\/123\/revisions\/126"}],"up":[{"embeddable":true,"href":"https:\/\/www.dpsg-rimpar.de\/index.php\/wp-json\/wp\/v2\/pages\/94"}],"wp:attachment":[{"href":"https:\/\/www.dpsg-rimpar.de\/index.php\/wp-json\/wp\/v2\/media?parent=123"}],"curies":[{"name":"wp","href":"https:\/\/api.w.org\/{rel}","templated":true}]}}