{"id":169,"date":"2021-01-15T21:04:52","date_gmt":"2021-01-15T20:04:52","guid":{"rendered":"http:\/\/www.dpsg-rimpar.de\/?page_id=169"},"modified":"2023-04-16T15:04:21","modified_gmt":"2023-04-16T13:04:21","slug":"foerderverein","status":"publish","type":"page","link":"https:\/\/www.dpsg-rimpar.de\/index.php\/foerderverein\/","title":{"rendered":"F\u00f6rderverein"},"content":{"rendered":"\n<p>Verein f\u00fcr Jugendpflege Sankt Georg e.V. Rimpar<\/p>\n\n\n\n<p><strong>Wie kann ich die&nbsp;<\/strong><strong>Pfadfinderei<\/strong><strong>&nbsp;in Rimpar unterst\u00fctzen?<\/strong><\/p>\n\n\n\n<p><strong>Am besten als Mitglied!&nbsp;<\/strong>Aber auch au\u00dferhalb der aktiven Mitarbeit im Stamm kann man im&nbsp;<strong>\u201eVerein f\u00fcr Jugendpflege Sankt Georg e. V. Rimpar\u201c&nbsp;<\/strong>die ehrenamtliche Jugendarbeit als f\u00f6rderndes Mitglied mit einem kleinen Jahresbeitrag unter-st\u00fctzen, der direkt der&nbsp;Pfadfinderei&nbsp;vor Ort zugute-kommt.&nbsp;&nbsp;Seit 1990 ist der Vereinszweck die finanzielle und ideelle F\u00f6rderung der&nbsp;pfadfinderischen&nbsp;Jugendarbeit in Rimpar.&nbsp;<\/p>\n\n\n\n<p>Interesse Mitglied zu werden? Mail an <a rel=\"noreferrer noopener\" href=\"mailto:dpsgrimpar@googlemail.com\" target=\"_blank\">dpsgrimpar@googlemail.com<\/a><\/p>\n\n\n\n<p class=\"has-text-align-center\"><strong>SPENDENKONTO:<\/strong><br><strong>Empf\u00e4nger:&nbsp;<\/strong>Verein f. Jugendpflege St. Georg e. V.<br><strong>IBAN:&nbsp;<\/strong>DE54 7509 0300 0003 0122 63<br><strong>BIC:&nbsp;<\/strong>GENODEF1M05 | LIGA Bank Regensburg&nbsp;<\/p>\n","protected":false},"excerpt":{"rendered":"<p>Verein f\u00fcr Jugendpflege Sankt Georg e.V. Rimpar Wie kann ich die&nbsp;Pfadfinderei&nbsp;in Rimpar unterst\u00fctzen? Am besten als Mitglied!&nbsp;Aber auch au\u00dferhalb der aktiven Mitarbeit im Stamm kann man im&nbsp;\u201eVerein f\u00fcr Jugendpflege Sankt Georg e. V. Rimpar\u201c&nbsp;die ehrenamtliche Jugendarbeit als f\u00f6rderndes Mitglied mit einem kleinen Jahresbeitrag unter-st\u00fctzen, der direkt der&nbsp;Pfadfinderei&nbsp;vor Ort zugute-kommt.&nbsp;&nbsp;Seit 1990 ist der Vereinszweck die finanzielle&#8230;<\/p>\n","protected":false},"author":1,"featured_media":0,"parent":0,"menu_order":0,"comment_status":"closed","ping_status":"closed","template":"","meta":[],"_links":{"self":[{"href":"https:\/\/www.dpsg-rimpar.de\/index.php\/wp-json\/wp\/v2\/pages\/169"}],"collection":[{"href":"https:\/\/www.dpsg-rimpar.de\/index.php\/wp-json\/wp\/v2\/pages"}],"about":[{"href":"https:\/\/www.dpsg-rimpar.de\/index.php\/wp-json\/wp\/v2\/types\/page"}],"author":[{"embeddable":true,"href":"https:\/\/www.dpsg-rimpar.de\/index.php\/wp-json\/wp\/v2\/users\/1"}],"replies":[{"embeddable":true,"href":"https:\/\/www.dpsg-rimpar.de\/index.php\/wp-json\/wp\/v2\/comments?post=169"}],"version-history":[{"count":3,"href":"https:\/\/www.dpsg-rimpar.de\/index.php\/wp-json\/wp\/v2\/pages\/169\/revisions"}],"predecessor-version":[{"id":197,"href":"https:\/\/www.dpsg-rimpar.de\/index.php\/wp-json\/wp\/v2\/pages\/169\/revisions\/197"}],"wp:attachment":[{"href":"https:\/\/www.dpsg-rimpar.de\/index.php\/wp-json\/wp\/v2\/media?parent=169"}],"curies":[{"name":"wp","href":"https:\/\/api.w.org\/{rel}","templated":true}]}}