{"id":3,"date":"2020-12-13T19:52:46","date_gmt":"2020-12-13T18:52:46","guid":{"rendered":"http:\/\/www.dpsg-rimpar.de\/?page_id=3"},"modified":"2020-12-18T17:39:57","modified_gmt":"2020-12-18T16:39:57","slug":"datenschutzerklaerung","status":"publish","type":"page","link":"https:\/\/www.dpsg-rimpar.de\/index.php\/datenschutzerklaerung\/","title":{"rendered":"Datenschutzerkl\u00e4rung"},"content":{"rendered":"\n<p>Diese Datenschutzerkl\u00e4rung unterrichtet dich gem\u00e4\u00df Art. 13 DS-GVO analog dazu \u00a7 15 KDG \u00fcber Art und Weise und die Hintergr\u00fcnde der Verarbeitung deiner personenbezogenen Daten \u00fcber die Website www.dpsg-rimpar.com (nachfolgend \u201e&nbsp;<strong>Website<\/strong>\u201c) und \u00fcber die euch zustehenden Rechte.<\/p>\n\n\n\n<p>Personenbezogene Daten sind alle Informationen, die sich auf eine identifizierte oder identifizierbare nat\u00fcrliche Person beziehen. Als identifizierbar wird eine nat\u00fcrliche Person angesehen, die direkt oder indirekt, insbesondere mittels Zuordnung zu einer Kennung wie einem Namen, zu einer Kennnummer, zu Standortdaten, zu einer Online-Kennung oder zu einem oder mehreren besonderen Merkmalen identifiziert werden kann, die Ausdruck der physischen, physiologischen, genetischen, psychischen, wirtschaftlichen, kulturellen oder sozialen Identit\u00e4t dieser nat\u00fcrlichen Person sind. Dieses sind also nicht nur dein Name, deine E-Mail-Adresse oder \u201adeine Kontaktdaten, sondern z.B. auch die IP-Adresse, \u00fcber die du ggf. rein informatorisch unsere Website besuchst.<\/p>\n\n\n\n<h2 class=\"wp-block-heading\">Wer wir sind<\/h2>\n\n\n\n<p>Die Adresse unserer Website ist: https:\/\/www.dpsg-rimpar.de.<\/p>\n\n\n\n<p><strong>Verantwortliche\/r<\/strong><\/p>\n\n\n\n<p>Verantwortliche gem\u00e4\u00df Art. 4 Nr. 7 DS-GVO bzw. \u00a7 4 Nr. 9 KDG ist:<\/p>\n\n\n\n<p>Verein f\u00fcr Jugendpflege Sankt Georg e.V. Rimpar,<\/p>\n\n\n\n<p>Stamm Tilman Riemenschneider<\/p>\n\n\n\n<p><strong>Kontakt:<\/strong><\/p>\n\n\n\n<p>Cornelia Na\u00df<\/p>\n\n\n\n<p>Kurt-Schumacher-Str. 15<\/p>\n\n\n\n<p>97222 Rimpar<\/p>\n\n\n\n<p><strong>Stammesvorstand:<\/strong>&nbsp;<\/p>\n\n\n\n<p>Angelika Schlotter und Finn Gei\u00dfler<\/p>\n\n\n\n<p>Angelika Schlotter<\/p>\n\n\n\n<p>G\u00fcnterslebenerstr. 23<\/p>\n\n\n\n<p>97222 Rimpar<\/p>\n\n\n\n<p><strong>Datenschutzbeauftragte\/r<\/strong><\/p>\n\n\n\n<p>Die Kontaktdaten der\/des Datenschutzbeauftragte\/n des Bundesamt Sankt Georg e.V. lauten:&nbsp;<a href=\"mailto:datenschutz@dpsg.de\">datenschutz@dpsg.de<\/a><\/p>\n\n\n\n<p><strong>Eure Betroffenenrechte<\/strong><\/p>\n\n\n\n<p>Ihr habt nach der DS-GVO und dem KDG (\u00a7\u00a7 17 ff. KDG) folgende Rechte hinsichtlich der euch betreffenden personenbezogenen Daten:<\/p>\n\n\n\n<p>&#8211; Recht auf Auskunft,<\/p>\n\n\n\n<p>&#8211; Recht auf Berichtigung,<\/p>\n\n\n\n<p>&#8211; Recht auf L\u00f6schung,<\/p>\n\n\n\n<p>&#8211; Recht auf Einschr\u00e4nkung der Verarbeitung,<\/p>\n\n\n\n<p>&#8211; Recht auf Widerspruch gegen die Verarbeitung,<\/p>\n\n\n\n<p>&#8211; Recht auf Daten\u00fcbertragbarkeit.<\/p>\n\n\n\n<p>Sie haben zudem das Recht, sich bei einer Datenschutz-Aufsichtsbeh\u00f6rde bzw. der Datenschutzaufsicht (\u00a7\u00a7 42 ff. KDG) \u00fcber die Verarbeitung Ihrer personenbezogenen Daten zu beschweren.<\/p>\n\n\n\n<p><strong>Kontaktanfragen<\/strong><\/p>\n\n\n\n<p>Bei Anfragen \u00fcber unser Kontaktformular oder im Rahmen unserer dir zur Verf\u00fcgung gestellten E-Mailadresse verarbeiten wir die von dir freiwillig zur Verf\u00fcgung gestellten personenbezogenen Daten ausschlie\u00dflich dazu, um deine Anfrage zu bearbeiten, zu beantworten oder uns mit dir in Verbindung zu setzen. Die in diesem Zusammenhang anfallenden Daten werden nach abschlie\u00dfender Beantwortung gel\u00f6scht, sollten nicht gesetzliche oder sonstige Aufbewahrungspflichten bestehen. Rechtsgrundlage f\u00fcr diese Verarbeitung Ihrer personenbezogenen Daten ist Art. 6 Abs. 1 lit. b DS-GVO bzw. \u00a7 6 Abs. 1 lit. c KDG.<\/p>\n\n\n\n<p><strong>Links zu anderen Websites<\/strong><\/p>\n\n\n\n<p>Die Website enth\u00e4lt ggf. Links zu anderen Websites, zu Datenschutzerkl\u00e4rungen und Datenschutzrichtlinien auf diesen Websites. Wir \u00fcbernehmen weder eine Haftung noch eine Verantwortung f\u00fcr diese nicht im Zusammenhang mit unserer Website stehenden Erkl\u00e4rungen und Richtlinien.<\/p>\n\n\n\n<p><strong>Rein informatorischer Besuch unserer Website<\/strong><\/p>\n\n\n\n<p>Bei dem informatorischen Besuch unserer Website erfassen wir automatisiert folgende Daten und Informationen vom Computersystem des aufrufenden Rechners:&nbsp;<\/p>\n\n\n\n<p>&#8211;&nbsp;<em>IP-Adresse<\/em><\/p>\n\n\n\n<p>&#8211;&nbsp;<em>Datum und Uhrzeit der Anfrage<\/em><\/p>\n\n\n\n<p>&#8211;&nbsp;<em>Zeitzonendifferenz zur Greenwich Mean Time (GMT)<\/em><\/p>\n\n\n\n<p>&#8211;&nbsp;<em>Inhalt der Anforderung (konkrete Seite)<\/em><\/p>\n\n\n\n<p>&#8211;&nbsp;<em>Zugriffsstatus\/HTTP-Statuscode<\/em><\/p>\n\n\n\n<p>&#8211;&nbsp;<em>jeweils \u00fcbertragene Datenmenge<\/em><\/p>\n\n\n\n<p>&#8211;&nbsp;<em>Website, von der die Anforderung kommt<\/em><\/p>\n\n\n\n<p>&#8211;&nbsp;<em>Browser<\/em><\/p>\n\n\n\n<p>&#8211;&nbsp;<em>Betriebssystem und dessen Oberfl\u00e4che<\/em><\/p>\n\n\n\n<p>&#8211;&nbsp;<em>Sprache und Version der Browsersoftware<\/em><\/p>\n\n\n\n<p><em>Die Daten werden ebenfalls in den Logfiles unseres Systems gespeichert. Eine Speicherung dieser Daten zusammen mit anderen personenbezogenen Daten des Nutzers findet nicht statt.&nbsp;<\/em><\/p>\n\n\n\n<p>Diese Datenverarbeitung durch unser System dient dem Zweck und unserem Interesse, die Auslieferung der Website an den Rechner des Nutzers zu erm\u00f6glichen. Hierf\u00fcr muss die IP-Adresse des Nutzers f\u00fcr die Dauer der Sitzung gespeichert bleiben.&nbsp;<em>Die Speicherung in Logfiles erfolgt zu dem Zweck und unserem Interesse, die Funktionsf\u00e4higkeit der Website sicherzustellen und zur Optimierung der Website sowie zur Sicherstellung der Sicherheit unserer informationstechnischen Systeme. Eine Auswertung dieser Daten zu Marketingzwecken findet nicht statt.&nbsp;<\/em><\/p>\n\n\n\n<p>Rechtsgrundlage f\u00fcr die Datenverarbeitung ist Art. 6 Abs. 1 S. 1 lit. f DS-GVO bzw. \u00a7 6 Abs. 1 lit. g KDG. Die Daten werden in unserem System gel\u00f6scht, wenn die jeweilige Sitzung beendet ist.&nbsp;<em>Die in den Logfiles gespeicherten Daten werden nach sp\u00e4testens sieben Tagen gel\u00f6scht oder anonymisiert, sodass eine Zuordnung des aufrufenden Clients nicht mehr m\u00f6glich ist.&nbsp;<\/em>Die Erfassung der Daten zur Bereitstellung der Website&nbsp;<em>und die Speicherung der Daten in Logfiles<\/em>&nbsp;ist f\u00fcr den Betrieb der Internetseite zwingend erforderlich. Im \u00dcbrigen erheben wir personenbezogene Daten von dir nur dann, wenn du uns diese auf der Website freiwillig zur Verf\u00fcgung stellst, z. B., wenn du ein Benutzerkonto einrichten oder dich bei einem Newsletter registrieren, eine Bestellung aufgeben oder mit uns in Kontakt treten m\u00f6chtest.&nbsp;<\/p>\n\n\n\n<p>Du kannst die Website auch generell besuchen, ohne personenbezogene Daten preiszugeben. In diesem Fall kann es jedoch sein, dass ihr bestimmte Bereiche der Website nicht nutzen bzw. wir eine Anfrage von euch nicht beantworten k\u00f6nnen.&nbsp;<\/p>\n\n\n\n<p><strong>Was sind Cookies?<\/strong><\/p>\n\n\n\n<p>Ein Cookie ist ein kleiner Datensatz, der auf Ihrem Endger\u00e4t gespeichert wird und Daten wie z. B. pers\u00f6nliche Seiteneinstellungen und Anmeldeinformationen enth\u00e4lt. Dieser Datensatz wird von dem Webserver, mit dem du \u00fcber deinen Webbrowser eine Verbindung aufgebaut hast, erzeugt und an dich gesendet.&nbsp;<\/p>\n\n\n\n<p>Nachfolgend sind die gebr\u00e4uchlichsten Arten von Cookies zu deinem Verst\u00e4ndnis erkl\u00e4rt:&nbsp;<\/p>\n\n\n\n<p>&#8211;&nbsp;<strong>Sitzungs-Cookies:<\/strong>&nbsp;W\u00e4hrend du auf einer Webseite aktiv bist, wird tempor\u00e4r ein Sitzungs-Cookie im Speicher deines Computers abgelegt, in dem eine Sitzungskennung gespeichert wird, um z. B. bei jedem Seitenwechsel zu verhindern, dass du dich erneut anmelden musst. Sitzungs-Cookies werden bei der Abmeldung gel\u00f6scht oder verlieren ihre G\u00fcltigkeit, sobald ihre Sitzung automatisch abgelaufen ist.&nbsp;<\/p>\n\n\n\n<p>&#8211;&nbsp;<strong>Permanente oder Protokoll-Cookies:<\/strong>&nbsp;Ein permanenter oder Protokoll-Cookie speichert eine Datei \u00fcber den im Ablaufdatum vorgesehenen Zeitraum auf deinem Computer. Durch diese Cookies erinnern sich Websites bei deinem n\u00e4chsten Besuch an deine Informationen und Einstellungen. Das f\u00fchrt zu einem schnelleren und bequemeren Zugriff, da du z. B. nicht erneut die Spracheinstellung vornehmen musst. Mit Verstreichen des Ablaufdatums wird der Cookie automatisch gel\u00f6scht, wenn du die Webseite besuchst, die diesen erzeugt hat.&nbsp;<\/p>\n\n\n\n<p><strong>Drittanbieter-Cookies:<\/strong>&nbsp;Drittanbieter-Cookies stammen von anderen Anbietern als dem Betreiber der Webseite. Sie k\u00f6nnen beispielsweise zum Sammeln von Informationen f\u00fcr Werbung, benutzerdefinierte Inhalte und Web-Statistiken verwendet werden.&nbsp;<\/p>\n\n\n\n<p><strong>Technisch notwendige Cookies<\/strong><\/p>\n\n\n\n<p>Einige Elemente unserer Internetseite erfordern es, dass der aufrufende Browser auch nach einem Seitenwechsel identifiziert werden kann. In den bei euch zu setzenden Cookies werden dabei folgende Daten gespeichert und \u00fcbermittelt:&nbsp;<\/p>\n\n\n\n<p>&#8211;&nbsp;<em>Spracheinstellungen<\/em><\/p>\n\n\n\n<p>&#8211;&nbsp;<em>Artikel in einem Warenkorb<\/em><\/p>\n\n\n\n<p>&#8211;&nbsp;<em>Log-In-Informationen<\/em><\/p>\n\n\n\n<p>Die Cookies werden bei Schlie\u00dfung des Browsers gel\u00f6scht. Die Rechtsgrundlage f\u00fcr die Verarbeitung personenbezogener Daten unter Verwendung dieser technisch notwendigen Cookies ist Art. 6 Abs. 1 lit. f DSGVO bzw. \u00a7 6 Abs. 1 lit. g KDG. Die Cookies dienen unserem berechtigten Interesse, die Nutzung und Bereitstellung unserer Website zu erm\u00f6glichen. Bei den Cookies handelt es sich um f\u00fcr die Nutzung der Website technisch notwendige Cookies.&nbsp;<\/p>\n\n\n\n<p><strong>Nutzerprofile<\/strong><\/p>\n\n\n\n<p>Auf unserer Website verwenden wir \u00fcber die technisch notwendigen Cookies hinaus auch Cookies, die Ihr Nutzerverhalten analysieren k\u00f6nnen. Hier geht es also darum, wie ihr unsere Website im Einzelnen verwenden. Wir k\u00f6nnen damit die Qualit\u00e4t unserer Website und ihre Inhalte verbessern. Auf diese Weise k\u00f6nnen folgende (personenbezogene) Daten \u00fcbermittelt werden:&nbsp;<\/p>\n\n\n\n<p>&#8211;&nbsp;<em>Eingegebene Suchbegriffe<\/em><\/p>\n\n\n\n<p>&#8211;&nbsp;<em>H\u00e4ufigkeit von Seitenaufrufen<\/em><\/p>\n\n\n\n<p>&#8211;&nbsp;<em>Inanspruchnahme von Website-Funktionen<\/em><\/p>\n\n\n\n<p>Die auf diese Weise erhobenen Daten werden durch technische Vorkehrungen pseudonymisiert. Daher ist eine Zuordnung der Daten zum aufrufenden Nutzer nicht mehr m\u00f6glich. Die Daten werden nicht gemeinsam mit sonstigen personenbezogenen Daten der Nutzer gespeichert.&nbsp;<\/p>\n\n\n\n<p>Du kannst unsere Website grunds\u00e4tzlich auch ohne Cookies aufrufen. Willst du unsere Websites vollumf\u00e4nglich bzw. komfortabel nutzen, solltest du jedoch diejenigen Cookies akzeptieren, die die Nutzung bestimmter Funktionen erm\u00f6glichen bzw. die Nutzung komfortabler machen.&nbsp;<\/p>\n\n\n\n<p>Die Rechtsgrundlage f\u00fcr die Verarbeitung personenbezogener Daten unter Verwendung der Cookies zu Analysezwecken ist die von euch erteilte Einwilligungserkl\u00e4rung gem. Art. 6 Abs. 1 lit. a DS-GVO bzw. \u00a7 6 Abs. 1 lit. b KDG. Ihr k\u00f6nnt eure Einwilligung jederzeit widerrufen; die personenbezogenen Daten werden dann unverz\u00fcglich gel\u00f6scht. Ihr habt als Nutzerin \/ Nutzer die volle Kontrolle \u00fcber die Speicherung der Cookies und k\u00f6nnt gespeicherte Cookies etwa in eurem Browser jederzeit l\u00f6schen.<\/p>\n\n\n\n<h2 class=\"wp-block-heading\">Welche personenbezogenen Daten wir sammeln und warum wir sie sammeln<\/h2>\n\n\n\n<h3 class=\"wp-block-heading\">Kommentare<\/h3>\n\n\n\n<p>Die Kommentarfunktion ist derzeit deaktiviert.<\/p>\n\n\n\n<p>Wenn Besucher Kommentare auf der Website schreiben, sammeln wir die Daten, die im Kommentar-Formular angezeigt werden, au\u00dferdem die IP-Adresse des Besuchers und den User-Agent-String (damit wird der Browser identifiziert), um die Erkennung von Spam zu unterst\u00fctzen.<\/p>\n\n\n\n<p>Aus deiner E-Mail-Adresse kann eine anonymisierte Zeichenfolge erstellt (auch Hash genannt) und dem Gravatar-Dienst \u00fcbergeben werden, um zu pr\u00fcfen, ob du diesen benutzt. Die Datenschutzerkl\u00e4rung des Gravatar-Dienstes findest du hier: https:\/\/automattic.com\/privacy\/. Nachdem dein Kommentar freigegeben wurde, ist dein Profilbild \u00f6ffentlich im Kontext deines Kommentars sichtbar.<\/p>\n\n\n\n<h3 class=\"wp-block-heading\">Medien<\/h3>\n\n\n\n<p>Wenn du ein registrierter Benutzer bist und Fotos auf diese Website l\u00e4dst, solltest du vermeiden, Fotos mit einem EXIF-GPS-Standort hochzuladen. Besucher dieser Website k\u00f6nnten Fotos, die auf dieser Website gespeichert sind, herunterladen und deren Standort-Informationen extrahieren.<\/p>\n\n\n\n<h3 class=\"wp-block-heading\">Kontaktformulare<\/h3>\n\n\n\n<h3 class=\"wp-block-heading\">Cookies<\/h3>\n\n\n\n<p>Wenn du einen Kommentar auf unserer Website schreibst, kann das eine Einwilligung sein, deinen Namen, E-Mail-Adresse und Website in Cookies zu speichern. Dies ist eine Komfortfunktion, damit du nicht, wenn du einen weiteren Kommentar schreibst, all diese Daten erneut eingeben musst. Diese Cookies werden ein Jahr lang gespeichert.<\/p>\n\n\n\n<p>Falls du ein Konto hast und dich auf dieser Website anmeldest, werden wir ein tempor\u00e4res Cookie setzen, um festzustellen, ob dein Browser Cookies akzeptiert. Dieses Cookie enth\u00e4lt keine personenbezogenen Daten und wird verworfen, wenn du deinen Browser schlie\u00dft.<\/p>\n\n\n\n<p>Wenn du dich anmeldest, werden wir einige Cookies einrichten, um deine Anmeldeinformationen und Anzeigeoptionen zu speichern. Anmelde-Cookies verfallen nach zwei Tagen und Cookies f\u00fcr die Anzeigeoptionen nach einem Jahr. Falls du bei der Anmeldung \u201eAngemeldet bleiben\u201c ausw\u00e4hlst, wird deine Anmeldung zwei Wochen lang aufrechterhalten. Mit der Abmeldung aus deinem Konto werden die Anmelde-Cookies gel\u00f6scht.<\/p>\n\n\n\n<p>Wenn du einen Artikel bearbeitest oder ver\u00f6ffentlichst, wird ein zus\u00e4tzlicher Cookie in deinem Browser gespeichert. Dieser Cookie enth\u00e4lt keine personenbezogenen Daten und verweist nur auf die Beitrags-ID des Artikels, den du gerade bearbeitet hast. Der Cookie verf\u00e4llt nach einem Tag.<\/p>\n\n\n\n<h3 class=\"wp-block-heading\">Eingebettete Inhalte von anderen Websites<\/h3>\n\n\n\n<p>Beitr\u00e4ge auf dieser Website k\u00f6nnen eingebettete Inhalte beinhalten (z.&nbsp;B. Videos, Bilder, Beitr\u00e4ge etc.). Eingebettete Inhalte von anderen Websites verhalten sich exakt so, als ob der Besucher die andere Website besucht h\u00e4tte.<\/p>\n\n\n\n<p>Diese Websites k\u00f6nnen Daten \u00fcber dich sammeln, Cookies benutzen, zus\u00e4tzliche Tracking-Dienste von Dritten einbetten und deine Interaktion mit diesem eingebetteten Inhalt aufzeichnen, inklusive deiner Interaktion mit dem eingebetteten Inhalt, falls du ein Konto hast und auf dieser Website angemeldet bist.<\/p>\n\n\n\n<h3 class=\"wp-block-heading\">Analysedienste<\/h3>\n\n\n\n<h2 class=\"wp-block-heading\">Mit wem wir deine Daten teilen<\/h2>\n\n\n\n<p>Wenn du eine Zur\u00fccksetzung des Passworts beantragst, wird deine IP-Adresse in der E-Mail zur Zur\u00fccksetzung enthalten sein.<\/p>\n\n\n\n<h2 class=\"wp-block-heading\">Wie lange wir deine Daten speichern<\/h2>\n\n\n\n<p>Wenn du einen Kommentar schreibst, wird dieser inklusive Metadaten zeitlich unbegrenzt gespeichert. Auf diese Art k\u00f6nnen wir Folgekommentare automatisch erkennen und freigeben, anstatt sie in einer Moderations-Warteschlange festzuhalten.<\/p>\n\n\n\n<p>F\u00fcr Benutzer, die sich auf unserer Website registrieren, speichern wir zus\u00e4tzlich die pers\u00f6nlichen Informationen, die sie in ihren Benutzerprofilen angeben. Alle Benutzer k\u00f6nnen jederzeit ihre pers\u00f6nlichen Informationen einsehen, ver\u00e4ndern oder l\u00f6schen (der Benutzername kann nicht ver\u00e4ndert werden). Administratoren der Website k\u00f6nnen diese Informationen ebenfalls einsehen und ver\u00e4ndern.<\/p>\n\n\n\n<h2 class=\"wp-block-heading\">Welche Rechte du an deinen Daten hast<\/h2>\n\n\n\n<p>Wenn du ein Konto auf dieser Website besitzt oder Kommentare geschrieben hast, kannst du einen Export deiner personenbezogenen Daten bei uns anfordern, inklusive aller Daten, die du uns mitgeteilt hast. Dar\u00fcber hinaus kannst du die L\u00f6schung aller personenbezogenen Daten, die wir von dir gespeichert haben, anfordern. Dies umfasst nicht die Daten, die wir aufgrund administrativer, rechtlicher oder sicherheitsrelevanter Notwendigkeiten aufbewahren m\u00fcssen.<\/p>\n\n\n\n<h2 class=\"wp-block-heading\">Wohin wir deine Daten senden<\/h2>\n\n\n\n<p>Besucher-Kommentare k\u00f6nnten von einem automatisierten Dienst zur Spam-Erkennung untersucht werden.<\/p>\n\n\n\n<p><\/p>\n","protected":false},"excerpt":{"rendered":"<p>Diese Datenschutzerkl\u00e4rung unterrichtet dich gem\u00e4\u00df Art. 13 DS-GVO analog dazu \u00a7 15 KDG \u00fcber Art und Weise und die Hintergr\u00fcnde der Verarbeitung deiner personenbezogenen Daten \u00fcber die Website www.dpsg-rimpar.com (nachfolgend \u201e&nbsp;Website\u201c) und \u00fcber die euch zustehenden Rechte. Personenbezogene Daten sind alle Informationen, die sich auf eine identifizierte oder identifizierbare nat\u00fcrliche Person beziehen. Als identifizierbar wird&#8230;<\/p>\n","protected":false},"author":1,"featured_media":0,"parent":0,"menu_order":0,"comment_status":"closed","ping_status":"open","template":"","meta":[],"_links":{"self":[{"href":"https:\/\/www.dpsg-rimpar.de\/index.php\/wp-json\/wp\/v2\/pages\/3"}],"collection":[{"href":"https:\/\/www.dpsg-rimpar.de\/index.php\/wp-json\/wp\/v2\/pages"}],"about":[{"href":"https:\/\/www.dpsg-rimpar.de\/index.php\/wp-json\/wp\/v2\/types\/page"}],"author":[{"embeddable":true,"href":"https:\/\/www.dpsg-rimpar.de\/index.php\/wp-json\/wp\/v2\/users\/1"}],"replies":[{"embeddable":true,"href":"https:\/\/www.dpsg-rimpar.de\/index.php\/wp-json\/wp\/v2\/comments?post=3"}],"version-history":[{"count":4,"href":"https:\/\/www.dpsg-rimpar.de\/index.php\/wp-json\/wp\/v2\/pages\/3\/revisions"}],"predecessor-version":[{"id":168,"href":"https:\/\/www.dpsg-rimpar.de\/index.php\/wp-json\/wp\/v2\/pages\/3\/revisions\/168"}],"wp:attachment":[{"href":"https:\/\/www.dpsg-rimpar.de\/index.php\/wp-json\/wp\/v2\/media?parent=3"}],"curies":[{"name":"wp","href":"https:\/\/api.w.org\/{rel}","templated":true}]}}