{"id":82,"date":"2020-12-13T22:01:30","date_gmt":"2020-12-13T21:01:30","guid":{"rendered":"http:\/\/www.dpsg-rimpar.de\/?page_id=82"},"modified":"2021-01-15T20:46:44","modified_gmt":"2021-01-15T19:46:44","slug":"startseite","status":"publish","type":"page","link":"https:\/\/www.dpsg-rimpar.de\/","title":{"rendered":""},"content":{"rendered":"\n<div class=\"wp-block-group\"><div class=\"wp-block-group__inner-container is-layout-flow\">\n<div class=\"wp-block-image is-style-rounded\"><figure class=\"aligncenter size-medium\"><img decoding=\"async\" loading=\"lazy\" width=\"300\" height=\"300\" src=\"https:\/\/www.dpsg-rimpar.de\/wp-content\/uploads\/2021\/01\/Baden-Powell_ggbain-39190_cropped-300x300.png\" alt=\"\" class=\"wp-image-165\" srcset=\"https:\/\/www.dpsg-rimpar.de\/wp-content\/uploads\/2021\/01\/Baden-Powell_ggbain-39190_cropped-300x300.png 300w, https:\/\/www.dpsg-rimpar.de\/wp-content\/uploads\/2021\/01\/Baden-Powell_ggbain-39190_cropped-1024x1024.png 1024w, https:\/\/www.dpsg-rimpar.de\/wp-content\/uploads\/2021\/01\/Baden-Powell_ggbain-39190_cropped-150x150.png 150w, https:\/\/www.dpsg-rimpar.de\/wp-content\/uploads\/2021\/01\/Baden-Powell_ggbain-39190_cropped-768x768.png 768w, https:\/\/www.dpsg-rimpar.de\/wp-content\/uploads\/2021\/01\/Baden-Powell_ggbain-39190_cropped-750x750.png 750w, https:\/\/www.dpsg-rimpar.de\/wp-content\/uploads\/2021\/01\/Baden-Powell_ggbain-39190_cropped-348x348.png 348w, https:\/\/www.dpsg-rimpar.de\/wp-content\/uploads\/2021\/01\/Baden-Powell_ggbain-39190_cropped.png 1483w\" sizes=\"(max-width: 300px) 100vw, 300px\" \/><\/figure><\/div>\n\n\n\n<blockquote class=\"wp-block-quote has-text-align-center is-style-large\"><p>\u201e<em>Der Pfadfinder lacht und pfeift in allen Lebenslagen<\/em>\u201c<\/p><cite>\u2014 Lord Robert Baden-Powell\u00a0<br>Gr\u00fcnder der Pfadfinderbewegung<\/cite><\/blockquote>\n\n\n\n<hr class=\"wp-block-separator is-style-dots\"\/>\n<\/div><\/div>\n\n\n\n<h4 class=\"wp-block-heading\">kurz gesagt:<\/h4>\n\n\n\n<h1 class=\"wp-block-heading\">Die DPSG Rimpar<\/h1>\n\n\n\n<p>Als Pfadfinder*innen erleben wir w\u00e4hrend der Zeltlager, in Gruppenstunden, bei Wanderungen oder gemeinsam am Lagerfeuergemeinsam viele gro\u00dfe und kleine Abenteuer mit unseren Freund*innen. Am liebsten sind wir drau\u00dfen unterwegs und probieren Neues aus, engagieren uns f\u00fcr andere und schaffen Gro\u00dfes zusammen.<\/p>\n","protected":false},"excerpt":{"rendered":"<p>\u201eDer Pfadfinder lacht und pfeift in allen Lebenslagen\u201c \u2014 Lord Robert Baden-Powell\u00a0Gr\u00fcnder der Pfadfinderbewegung kurz gesagt: Die DPSG Rimpar Als Pfadfinder*innen erleben wir w\u00e4hrend der Zeltlager, in Gruppenstunden, bei Wanderungen oder gemeinsam am Lagerfeuergemeinsam viele gro\u00dfe und kleine Abenteuer mit unseren Freund*innen. Am liebsten sind wir drau\u00dfen unterwegs und probieren Neues aus, engagieren uns f\u00fcr&#8230;<\/p>\n","protected":false},"author":1,"featured_media":0,"parent":0,"menu_order":0,"comment_status":"closed","ping_status":"closed","template":"","meta":[],"_links":{"self":[{"href":"https:\/\/www.dpsg-rimpar.de\/index.php\/wp-json\/wp\/v2\/pages\/82"}],"collection":[{"href":"https:\/\/www.dpsg-rimpar.de\/index.php\/wp-json\/wp\/v2\/pages"}],"about":[{"href":"https:\/\/www.dpsg-rimpar.de\/index.php\/wp-json\/wp\/v2\/types\/page"}],"author":[{"embeddable":true,"href":"https:\/\/www.dpsg-rimpar.de\/index.php\/wp-json\/wp\/v2\/users\/1"}],"replies":[{"embeddable":true,"href":"https:\/\/www.dpsg-rimpar.de\/index.php\/wp-json\/wp\/v2\/comments?post=82"}],"version-history":[{"count":7,"href":"https:\/\/www.dpsg-rimpar.de\/index.php\/wp-json\/wp\/v2\/pages\/82\/revisions"}],"predecessor-version":[{"id":167,"href":"https:\/\/www.dpsg-rimpar.de\/index.php\/wp-json\/wp\/v2\/pages\/82\/revisions\/167"}],"wp:attachment":[{"href":"https:\/\/www.dpsg-rimpar.de\/index.php\/wp-json\/wp\/v2\/media?parent=82"}],"curies":[{"name":"wp","href":"https:\/\/api.w.org\/{rel}","templated":true}]}}